{"id":56,"date":"2021-05-25T20:23:48","date_gmt":"2021-05-25T18:23:48","guid":{"rendered":"https:\/\/www.waope.cz\/?page_id=56"},"modified":"2025-08-04T13:56:52","modified_gmt":"2025-08-04T11:56:52","slug":"o-nas","status":"publish","type":"page","link":"https:\/\/www.waope.cz\/?page_id=56","title":{"rendered":"O n\u00e1s"},"content":{"rendered":"\n<p>Jsme neziskov\u00e1 organizace zalo\u017een\u00e1 v roce 2018. Na\u0161\u00ed hlavn\u00ed \u010dinnost\u00ed je po\u0159\u00e1d\u00e1n\u00ed letn\u00edch t\u00e1bor\u016f a v\u00edkendov\u00fdch akc\u00ed v p\u0159\u00edrod\u011b pro d\u011bti \u0161koln\u00edho v\u011bku. A\u010dkoli nejsme sv\u00e1z\u00e1ni s \u017e\u00e1dnou konkr\u00e9tn\u00ed &#8220;ideologi\u00ed&#8221;, jsou n\u00e1m bl\u00edzk\u00e9 my\u0161lenky woodcraftu a skautingu. Nicm\u00e9n\u011b reflektujeme sou\u010dasn\u00fd \u017eivotn\u00ed styl a z\u00e1jmy mlad\u00e9 generace a sna\u017e\u00edme u n\u00ed budovat vztah k p\u0159\u00edrod\u011b formou modern\u00edch outdoorov\u00fdch aktivit.<\/p>\n\n\n\n<h2 class=\"wp-block-heading\">V\u00fdbor<\/h2>\n\n\n\n<div class=\"wp-block-columns is-layout-flex wp-container-core-columns-is-layout-9d6595d7 wp-block-columns-is-layout-flex\">\n<div class=\"wp-block-column is-layout-flow wp-block-column-is-layout-flow\">\n<p class=\"has-text-align-center\"><strong>P\u0159edseda<\/strong><br>Hana Trnkov\u00e1 Kocourkov\u00e1<\/p>\n\n\n<div class=\"wp-block-image\">\n<figure class=\"aligncenter size-large\"><img loading=\"lazy\" decoding=\"async\" width=\"176\" height=\"200\" src=\"https:\/\/www.waope.cz\/wp-content\/uploads\/2021\/05\/Hanka.jpg\" alt=\"\" class=\"wp-image-373\"\/><\/figure>\n<\/div><\/div>\n\n\n\n<div class=\"wp-block-column is-layout-flow wp-block-column-is-layout-flow\">\n<p class=\"has-text-align-center\"><strong>M\u00edstop\u0159edseda<\/strong><br>Al\u017eb\u011bta Kola\u0159\u00edkov\u00e1<\/p>\n\n\n<div class=\"wp-block-image\">\n<figure class=\"aligncenter size-large\"><img loading=\"lazy\" decoding=\"async\" width=\"176\" height=\"200\" src=\"https:\/\/www.waope.cz\/wp-content\/uploads\/2021\/05\/Betka.jpg\" alt=\"\" class=\"wp-image-374\"\/><\/figure>\n<\/div><\/div>\n\n\n\n<div class=\"wp-block-column is-layout-flow wp-block-column-is-layout-flow\">\n<p class=\"has-text-align-center\"><strong>\u010clen v\u00fdboru<\/strong><br>Ji\u0159\u00ed Zme\u0161kal<\/p>\n\n\n<div class=\"wp-block-image\">\n<figure class=\"aligncenter size-full\"><img loading=\"lazy\" decoding=\"async\" width=\"176\" height=\"200\" src=\"https:\/\/www.waope.cz\/wp-content\/uploads\/2021\/11\/Zlesak.jpg\" alt=\"\" class=\"wp-image-381\"\/><\/figure>\n<\/div><\/div>\n<\/div>\n\n\n\n<p><\/p>\n\n\n\n<h2 class=\"wp-block-heading\">Vedouc\u00ed<\/h2>\n\n\n\n<p><\/p>\n\n\n\n<p>T\u00e1bor zaji\u0161\u0165uje v\u00edce vedouc\u00edch, kte\u0159\u00ed s n\u00e1mi jezd\u00ed opakovan\u011b, maj\u00ed pedagogick\u00e9 zku\u0161enosti. T\u00e1bor je zaji\u0161t\u011bn i kvalitn\u00edm zdravotn\u00edm dozorem. Na\u0161i kucha\u0159i um\u00ed va\u0159it i s ohledem na r\u016fzn\u00e9 potravinov\u00e9 intolerance a alergie.<\/p>\n","protected":false},"excerpt":{"rendered":"<p>Jsme neziskov\u00e1 organizace zalo\u017een\u00e1 v roce 2018. Na\u0161\u00ed hlavn\u00ed \u010dinnost\u00ed je po\u0159\u00e1d\u00e1n\u00ed letn\u00edch t\u00e1bor\u016f a v\u00edkendov\u00fdch akc\u00ed v p\u0159\u00edrod\u011b pro d\u011bti \u0161koln\u00edho<\/p>\n<p class=\"link-more\"><a class=\"myButt \" href=\"https:\/\/www.waope.cz\/?page_id=56\">Read More<\/a><\/p>\n","protected":false},"author":1,"featured_media":0,"parent":0,"menu_order":0,"comment_status":"closed","ping_status":"closed","template":"","meta":{"footnotes":""},"class_list":["post-56","page","type-page","status-publish","hentry"],"_links":{"self":[{"href":"https:\/\/www.waope.cz\/index.php?rest_route=\/wp\/v2\/pages\/56","targetHints":{"allow":["GET"]}}],"collection":[{"href":"https:\/\/www.waope.cz\/index.php?rest_route=\/wp\/v2\/pages"}],"about":[{"href":"https:\/\/www.waope.cz\/index.php?rest_route=\/wp\/v2\/types\/page"}],"author":[{"embeddable":true,"href":"https:\/\/www.waope.cz\/index.php?rest_route=\/wp\/v2\/users\/1"}],"replies":[{"embeddable":true,"href":"https:\/\/www.waope.cz\/index.php?rest_route=%2Fwp%2Fv2%2Fcomments&post=56"}],"version-history":[{"count":7,"href":"https:\/\/www.waope.cz\/index.php?rest_route=\/wp\/v2\/pages\/56\/revisions"}],"predecessor-version":[{"id":659,"href":"https:\/\/www.waope.cz\/index.php?rest_route=\/wp\/v2\/pages\/56\/revisions\/659"}],"wp:attachment":[{"href":"https:\/\/www.waope.cz\/index.php?rest_route=%2Fwp%2Fv2%2Fmedia&parent=56"}],"curies":[{"name":"wp","href":"https:\/\/api.w.org\/{rel}","templated":true}]}}