{"id":58,"date":"2021-05-25T20:24:58","date_gmt":"2021-05-25T18:24:58","guid":{"rendered":"https:\/\/www.waope.cz\/?page_id=58"},"modified":"2026-01-15T19:45:59","modified_gmt":"2026-01-15T18:45:59","slug":"tabor","status":"publish","type":"page","link":"https:\/\/www.waope.cz\/?page_id=58","title":{"rendered":"T\u00e1bor"},"content":{"rendered":"\n<h2 class=\"wp-block-heading\">Z\u00e1kladna<\/h2>\n\n\n\n<p>Stanov\u00e1 z\u00e1kladna Kame\u0148\u00e1k se nach\u00e1z\u00ed v malebn\u00e9m prost\u0159ed\u00ed Host\u00fdnsk\u00fdch vrch\u016f nad vesnic\u00ed Vl\u010dkov\u00e1 u Zl\u00edna a 2 km od hradu Lukov. T\u00e1bor m\u00e1 kapacitu 50 \u00fa\u010dastn\u00edk\u016f. D\u011bti i vedouc\u00ed sp\u00ed ve stanech s podsadami. K t\u00e1boru pat\u0159\u00ed kuchyn\u011b a zast\u0159e\u0161en\u00e1 j\u00eddelna, v p\u0159\u00edpad\u011b nep\u0159\u00edzn\u011b po\u010das\u00ed se program kon\u00e1 ve vojensk\u00e9m hang\u00e1ru, ale jinak \u010das tr\u00e1v\u00edme na t\u00e1borov\u00e9 louce nebo v les\u00edch, kter\u00fdmi je z\u00e1kladna obklopena. Ve velk\u00e9m horku se m\u016f\u017eeme osv\u011b\u017eit v pot\u016f\u010dku, kter\u00fd z\u00e1kladnou prot\u00e9k\u00e1 nebo nav\u0161t\u00edvit kilometr vzd\u00e1lenou vodn\u00ed n\u00e1dr\u017e. Z\u00e1kladna disponuje ve\u0161ker\u00fdm soci\u00e1ln\u00ed za\u0159\u00edzen\u00edm (WC, tepl\u00e1 sprcha, chem. z\u00e1chod).<\/p>\n\n\n\n<iframe loading=\"lazy\" style=\"border:none\" src=\"https:\/\/en.frame.mapy.cz\/s\/kalegafedu\" width=\"1000\" height=\"466\" frameborder=\"0\"><\/iframe>\n\n\n\n<p><strong>Koresponden\u010dn\u00ed adresa:<\/strong><br>T\u00e1borov\u00e1 z\u00e1kladna Vl\u010dkov\u00e1 &#8211; Kame\u0148\u00e1k<br>763 19 Ka\u0161ava<\/p>\n\n\n\n<h2 class=\"wp-block-heading\">Osazenstvo<\/h2>\n\n\n\n<p>P\u0159ev\u00e1\u017en\u00e1 v\u011bt\u0161ina d\u011bt\u00ed jezd\u00ed na t\u00e1bor opakovan\u011b, nov\u011b m\u00e1me i krat\u0161\u00ed zimn\u00ed akce a d\u011bti, kter\u00e9 nejedou poprv\u00e9, se na akc\u00edch v\u017edy shled\u00e1vaj\u00ed se &#8220;star\u00fdmi zn\u00e1m\u00fdmi&#8221;. Nejsme ale nijak uzav\u0159enou partou a d\u011bti, kter\u00e9 p\u0159ijedou poprv\u00e9, velmi snadno do na\u0161eho kolektivu zapadnou. B\u011bhem t\u00e1bora budou Va\u0161e d\u011bti \u017e\u00edt v \u010dist\u00e9m prost\u0159ed\u00ed a v t\u011bsn\u00e9m sep\u011bt\u00ed s okoln\u00ed p\u0159\u00edrodou, za\u017eij\u00ed mnoh\u00e1 dobrodru\u017estv\u00ed a sezn\u00e1m\u00ed se s \u0159adou nov\u00fdch kamar\u00e1d\u016f.<\/p>\n\n\n\n<h2 class=\"wp-block-heading\">Term\u00edn<\/h2>\n\n\n\n<p>T\u00e1bory m\u00e1me dva r\u016fzn\u00e9, jeden pro men\u0161\u00ed d\u011bti, druh\u00fd pro velk\u00e9. Ka\u017ed\u00fd z nich trv\u00e1 jeden t\u00fdden. Za\u010d\u00edn\u00e1me v ned\u011bli, kon\u010d\u00edme v sobotu  dle aktu\u00e1ln\u00edho term\u00ednu a programu Barum Rallye, kter\u00e1 je pravideln\u011b vedena v bl\u00edzkosti t\u00e1bora a ovliv\u0148uje p\u0159\u00edstup k z\u00e1kladn\u011b. P\u0159esn\u00e9 datum bude v\u017edy v Aktualit\u00e1ch.<\/p>\n\n\n\n<h2 class=\"wp-block-heading\" id=\"letaky-z-minulych-rocniku\">Let\u00e1ky z minul\u00fdch ro\u010dn\u00edk\u016f<\/h2>\n\n\n\n<h3 class=\"wp-block-heading has-text-align-center\">2025<\/h3>\n\n\n\n<div class=\"wp-block-columns is-layout-flex wp-container-core-columns-is-layout-9d6595d7 wp-block-columns-is-layout-flex\">\n<div class=\"wp-block-column is-layout-flow wp-block-column-is-layout-flow\">\n<figure class=\"wp-block-image size-full\"><img loading=\"lazy\" decoding=\"async\" width=\"495\" height=\"700\" src=\"https:\/\/www.waope.cz\/wp-content\/uploads\/2024\/12\/Tabor2025_2_web.jpg\" alt=\"\" class=\"wp-image-592\" srcset=\"https:\/\/www.waope.cz\/wp-content\/uploads\/2024\/12\/Tabor2025_2_web.jpg 495w, https:\/\/www.waope.cz\/wp-content\/uploads\/2024\/12\/Tabor2025_2_web-212x300.jpg 212w\" sizes=\"auto, (max-width: 495px) 100vw, 495px\" \/><\/figure>\n<\/div>\n\n\n\n<div class=\"wp-block-column is-layout-flow wp-block-column-is-layout-flow\">\n<figure class=\"wp-block-image size-full\"><img loading=\"lazy\" decoding=\"async\" width=\"495\" height=\"700\" src=\"https:\/\/www.waope.cz\/wp-content\/uploads\/2024\/12\/Tabor2025_1_web.jpg\" alt=\"\" class=\"wp-image-593\" srcset=\"https:\/\/www.waope.cz\/wp-content\/uploads\/2024\/12\/Tabor2025_1_web.jpg 495w, https:\/\/www.waope.cz\/wp-content\/uploads\/2024\/12\/Tabor2025_1_web-212x300.jpg 212w\" sizes=\"auto, (max-width: 495px) 100vw, 495px\" \/><\/figure>\n<\/div>\n<\/div>\n\n\n\n<h3 class=\"wp-block-heading has-text-align-center\">2024<\/h3>\n\n\n\n<div class=\"wp-block-columns is-layout-flex wp-container-core-columns-is-layout-9d6595d7 wp-block-columns-is-layout-flex\">\n<div class=\"wp-block-column is-layout-flow wp-block-column-is-layout-flow\">\n<figure class=\"wp-block-image size-full\"><img loading=\"lazy\" decoding=\"async\" width=\"495\" height=\"700\" src=\"https:\/\/www.waope.cz\/wp-content\/uploads\/2024\/03\/Tabor1.png\" alt=\"\" class=\"wp-image-572\" srcset=\"https:\/\/www.waope.cz\/wp-content\/uploads\/2024\/03\/Tabor1.png 495w, https:\/\/www.waope.cz\/wp-content\/uploads\/2024\/03\/Tabor1-212x300.png 212w\" sizes=\"auto, (max-width: 495px) 100vw, 495px\" \/><\/figure>\n<\/div>\n\n\n\n<div class=\"wp-block-column is-layout-flow wp-block-column-is-layout-flow\">\n<figure class=\"wp-block-image size-full\"><img loading=\"lazy\" decoding=\"async\" width=\"495\" height=\"700\" src=\"https:\/\/www.waope.cz\/wp-content\/uploads\/2024\/03\/Tabor2.png\" alt=\"\" class=\"wp-image-573\" srcset=\"https:\/\/www.waope.cz\/wp-content\/uploads\/2024\/03\/Tabor2.png 495w, https:\/\/www.waope.cz\/wp-content\/uploads\/2024\/03\/Tabor2-212x300.png 212w\" sizes=\"auto, (max-width: 495px) 100vw, 495px\" \/><\/figure>\n<\/div>\n<\/div>\n\n\n\n<h3 class=\"wp-block-heading has-text-align-center\">2023<\/h3>\n\n\n\n<div class=\"wp-block-columns is-layout-flex wp-container-core-columns-is-layout-9d6595d7 wp-block-columns-is-layout-flex\">\n<div class=\"wp-block-column is-layout-flow wp-block-column-is-layout-flow\">\n<figure class=\"wp-block-image size-full\"><img loading=\"lazy\" decoding=\"async\" width=\"494\" height=\"700\" src=\"https:\/\/www.waope.cz\/wp-content\/uploads\/2023\/01\/letak1.jpg\" alt=\"\" class=\"wp-image-481\" srcset=\"https:\/\/www.waope.cz\/wp-content\/uploads\/2023\/01\/letak1.jpg 494w, https:\/\/www.waope.cz\/wp-content\/uploads\/2023\/01\/letak1-212x300.jpg 212w\" sizes=\"auto, (max-width: 494px) 100vw, 494px\" \/><\/figure>\n<\/div>\n\n\n\n<div class=\"wp-block-column is-layout-flow wp-block-column-is-layout-flow\">\n<figure class=\"wp-block-image size-full\"><img loading=\"lazy\" decoding=\"async\" width=\"495\" height=\"700\" src=\"https:\/\/www.waope.cz\/wp-content\/uploads\/2023\/01\/letak2.jpg\" alt=\"\" class=\"wp-image-482\" srcset=\"https:\/\/www.waope.cz\/wp-content\/uploads\/2023\/01\/letak2.jpg 495w, https:\/\/www.waope.cz\/wp-content\/uploads\/2023\/01\/letak2-212x300.jpg 212w\" sizes=\"auto, (max-width: 495px) 100vw, 495px\" \/><\/figure>\n<\/div>\n<\/div>\n\n\n\n<h3 class=\"wp-block-heading has-text-align-center\">2022<\/h3>\n\n\n<div class=\"wp-block-image\">\n<figure class=\"aligncenter size-full\"><img loading=\"lazy\" decoding=\"async\" width=\"495\" height=\"700\" src=\"https:\/\/www.waope.cz\/wp-content\/uploads\/2023\/01\/Plakat2022.jpg\" alt=\"\" class=\"wp-image-485\" srcset=\"https:\/\/www.waope.cz\/wp-content\/uploads\/2023\/01\/Plakat2022.jpg 495w, https:\/\/www.waope.cz\/wp-content\/uploads\/2023\/01\/Plakat2022-212x300.jpg 212w\" sizes=\"auto, (max-width: 495px) 100vw, 495px\" \/><\/figure>\n<\/div>\n\n\n<h3 class=\"wp-block-heading has-text-align-center\" id=\"2021\">2021<\/h3>\n\n\n<div class=\"wp-block-image\">\n<figure class=\"aligncenter\"><img loading=\"lazy\" decoding=\"async\" width=\"495\" height=\"700\" src=\"https:\/\/www.waope.cz\/wp-content\/uploads\/2021\/11\/plakat2021.jpg\" alt=\"\" class=\"wp-image-401\" srcset=\"https:\/\/www.waope.cz\/wp-content\/uploads\/2021\/11\/plakat2021.jpg 495w, https:\/\/www.waope.cz\/wp-content\/uploads\/2021\/11\/plakat2021-212x300.jpg 212w\" sizes=\"auto, (max-width: 495px) 100vw, 495px\" \/><\/figure>\n<\/div>\n\n\n<h3 class=\"wp-block-heading has-text-align-center\" id=\"2020\">2020<\/h3>\n\n\n<div class=\"wp-block-image\">\n<figure class=\"aligncenter\"><img loading=\"lazy\" decoding=\"async\" width=\"495\" height=\"700\" src=\"https:\/\/www.waope.cz\/wp-content\/uploads\/2021\/11\/Plakat2020.jpg\" alt=\"\" class=\"wp-image-403\" srcset=\"https:\/\/www.waope.cz\/wp-content\/uploads\/2021\/11\/Plakat2020.jpg 495w, https:\/\/www.waope.cz\/wp-content\/uploads\/2021\/11\/Plakat2020-212x300.jpg 212w\" sizes=\"auto, (max-width: 495px) 100vw, 495px\" \/><\/figure>\n<\/div>\n\n\n<h3 class=\"wp-block-heading has-text-align-center\" id=\"2019\">2019<\/h3>\n\n\n<div class=\"wp-block-image\">\n<figure class=\"aligncenter\"><img loading=\"lazy\" decoding=\"async\" width=\"495\" height=\"700\" src=\"https:\/\/www.waope.cz\/wp-content\/uploads\/2021\/11\/Plakat2019.jpg\" alt=\"\" class=\"wp-image-405\" srcset=\"https:\/\/www.waope.cz\/wp-content\/uploads\/2021\/11\/Plakat2019.jpg 495w, https:\/\/www.waope.cz\/wp-content\/uploads\/2021\/11\/Plakat2019-212x300.jpg 212w\" sizes=\"auto, (max-width: 495px) 100vw, 495px\" \/><\/figure>\n<\/div>\n\n\n<h3 class=\"wp-block-heading has-text-align-center\" id=\"2018\">2018<\/h3>\n\n\n<div class=\"wp-block-image\">\n<figure class=\"aligncenter\"><img loading=\"lazy\" decoding=\"async\" width=\"495\" height=\"700\" src=\"https:\/\/www.waope.cz\/wp-content\/uploads\/2021\/11\/Plakat2018.jpg\" alt=\"\" class=\"wp-image-404\" srcset=\"https:\/\/www.waope.cz\/wp-content\/uploads\/2021\/11\/Plakat2018.jpg 495w, https:\/\/www.waope.cz\/wp-content\/uploads\/2021\/11\/Plakat2018-212x300.jpg 212w\" sizes=\"auto, (max-width: 495px) 100vw, 495px\" \/><\/figure>\n<\/div>","protected":false},"excerpt":{"rendered":"<p>Z\u00e1kladna Stanov\u00e1 z\u00e1kladna Kame\u0148\u00e1k se nach\u00e1z\u00ed v malebn\u00e9m prost\u0159ed\u00ed Host\u00fdnsk\u00fdch vrch\u016f nad vesnic\u00ed Vl\u010dkov\u00e1 u Zl\u00edna a 2 km od hradu Lukov.<\/p>\n<p class=\"link-more\"><a class=\"myButt \" href=\"https:\/\/www.waope.cz\/?page_id=58\">Read More<\/a><\/p>\n","protected":false},"author":1,"featured_media":0,"parent":0,"menu_order":0,"comment_status":"closed","ping_status":"closed","template":"","meta":{"footnotes":""},"class_list":["post-58","page","type-page","status-publish","hentry"],"_links":{"self":[{"href":"https:\/\/www.waope.cz\/index.php?rest_route=\/wp\/v2\/pages\/58","targetHints":{"allow":["GET"]}}],"collection":[{"href":"https:\/\/www.waope.cz\/index.php?rest_route=\/wp\/v2\/pages"}],"about":[{"href":"https:\/\/www.waope.cz\/index.php?rest_route=\/wp\/v2\/types\/page"}],"author":[{"embeddable":true,"href":"https:\/\/www.waope.cz\/index.php?rest_route=\/wp\/v2\/users\/1"}],"replies":[{"embeddable":true,"href":"https:\/\/www.waope.cz\/index.php?rest_route=%2Fwp%2Fv2%2Fcomments&post=58"}],"version-history":[{"count":22,"href":"https:\/\/www.waope.cz\/index.php?rest_route=\/wp\/v2\/pages\/58\/revisions"}],"predecessor-version":[{"id":718,"href":"https:\/\/www.waope.cz\/index.php?rest_route=\/wp\/v2\/pages\/58\/revisions\/718"}],"wp:attachment":[{"href":"https:\/\/www.waope.cz\/index.php?rest_route=%2Fwp%2Fv2%2Fmedia&parent=58"}],"curies":[{"name":"wp","href":"https:\/\/api.w.org\/{rel}","templated":true}]}}