{"id":64,"date":"2021-05-25T20:26:56","date_gmt":"2021-05-25T18:26:56","guid":{"rendered":"https:\/\/www.waope.cz\/?page_id=64"},"modified":"2026-03-14T12:42:56","modified_gmt":"2026-03-14T11:42:56","slug":"vitejte-na-strankach-waope","status":"publish","type":"page","link":"https:\/\/www.waope.cz\/","title":{"rendered":"\u00davod"},"content":{"rendered":"\n<p class=\"has-text-align-center has-large-font-size\"><strong>V\u00edtejte na str\u00e1nk\u00e1ch spolku Waope<\/strong><\/p>\n\n\n\n<p>P\u0159ihl\u00e1\u0161en\u00ed na t\u00e1bor <a href=\"https:\/\/docs.google.com\/forms\/d\/e\/1FAIpQLSc6qG0ahHGIMM3PkYNiVUTK6JqhnNai1wk7MfCXff1qpF-unQ\/viewform?usp=header\" data-type=\"link\" data-id=\"https:\/\/docs.google.com\/forms\/d\/e\/1FAIpQLSc6qG0ahHGIMM3PkYNiVUTK6JqhnNai1wk7MfCXff1qpF-unQ\/viewform?usp=header\"><mark style=\"background-color:rgba(0, 0, 0, 0)\" class=\"has-inline-color has-vivid-purple-color\">zde<\/mark><\/a><br>Term\u00edn <mark style=\"background-color:rgba(0, 0, 0, 0)\" class=\"has-inline-color has-luminous-vivid-orange-color\">(9.8. &#8211; 19.8. 2026)<\/mark><br>V\u011bk: 7-15 let<br>Cena: <mark style=\"background-color:rgba(0, 0, 0, 0)\" class=\"has-inline-color has-luminous-vivid-orange-color\">6 100 K\u010d<\/mark><\/p>\n\n\n\n<div style=\"height:21px\" aria-hidden=\"true\" class=\"wp-block-spacer\"><\/div>\n\n\n<div class=\"wp-block-image is-style-default\">\n<figure class=\"aligncenter size-full\"><img loading=\"lazy\" decoding=\"async\" width=\"2000\" height=\"322\" src=\"https:\/\/www.waope.cz\/wp-content\/uploads\/2021\/05\/FrontPage.jpg\" alt=\"\" class=\"wp-image-348\" srcset=\"https:\/\/www.waope.cz\/wp-content\/uploads\/2021\/05\/FrontPage.jpg 2000w, https:\/\/www.waope.cz\/wp-content\/uploads\/2021\/05\/FrontPage-300x48.jpg 300w, https:\/\/www.waope.cz\/wp-content\/uploads\/2021\/05\/FrontPage-1024x165.jpg 1024w, https:\/\/www.waope.cz\/wp-content\/uploads\/2021\/05\/FrontPage-768x124.jpg 768w, https:\/\/www.waope.cz\/wp-content\/uploads\/2021\/05\/FrontPage-1536x247.jpg 1536w\" sizes=\"auto, (max-width: 2000px) 100vw, 2000px\" \/><\/figure>\n<\/div>\n\n\n<p><\/p>\n","protected":false},"excerpt":{"rendered":"<p>V\u00edtejte na str\u00e1nk\u00e1ch spolku Waope P\u0159ihl\u00e1\u0161en\u00ed na t\u00e1bor zdeTerm\u00edn (9.8. &#8211; 19.8. 2026)V\u011bk: 7-15 letCena: 6 100 K\u010d<\/p>\n","protected":false},"author":1,"featured_media":0,"parent":0,"menu_order":0,"comment_status":"closed","ping_status":"closed","template":"","meta":{"footnotes":""},"class_list":["post-64","page","type-page","status-publish","hentry"],"_links":{"self":[{"href":"https:\/\/www.waope.cz\/index.php?rest_route=\/wp\/v2\/pages\/64","targetHints":{"allow":["GET"]}}],"collection":[{"href":"https:\/\/www.waope.cz\/index.php?rest_route=\/wp\/v2\/pages"}],"about":[{"href":"https:\/\/www.waope.cz\/index.php?rest_route=\/wp\/v2\/types\/page"}],"author":[{"embeddable":true,"href":"https:\/\/www.waope.cz\/index.php?rest_route=\/wp\/v2\/users\/1"}],"replies":[{"embeddable":true,"href":"https:\/\/www.waope.cz\/index.php?rest_route=%2Fwp%2Fv2%2Fcomments&post=64"}],"version-history":[{"count":17,"href":"https:\/\/www.waope.cz\/index.php?rest_route=\/wp\/v2\/pages\/64\/revisions"}],"predecessor-version":[{"id":756,"href":"https:\/\/www.waope.cz\/index.php?rest_route=\/wp\/v2\/pages\/64\/revisions\/756"}],"wp:attachment":[{"href":"https:\/\/www.waope.cz\/index.php?rest_route=%2Fwp%2Fv2%2Fmedia&parent=64"}],"curies":[{"name":"wp","href":"https:\/\/api.w.org\/{rel}","templated":true}]}}